{"id":3345,"date":"2023-03-01T22:25:49","date_gmt":"2023-03-01T21:25:49","guid":{"rendered":"https:\/\/www.oseido.tech\/?page_id=3345"},"modified":"2023-03-03T11:59:33","modified_gmt":"2023-03-03T10:59:33","slug":"politique-de-confidentialite","status":"publish","type":"page","link":"https:\/\/www.oseido.tech\/index.php\/politique-de-confidentialite\/","title":{"rendered":"Politique de confidentialit\u00e9"},"content":{"rendered":"\t\t<div data-elementor-type=\"wp-page\" data-elementor-id=\"3345\" class=\"elementor elementor-3345\" data-elementor-post-type=\"page\">\n\t\t\t\t\t\t<section class=\"elementor-section elementor-top-section elementor-element elementor-element-9cac249 elementor-section-full_width elementor-section-height-default elementor-section-height-default\" data-id=\"9cac249\" data-element_type=\"section\">\n\t\t\t\t\t\t<div class=\"elementor-container elementor-column-gap-no\">\n\t\t\t\t\t<div class=\"elementor-column elementor-col-100 elementor-top-column elementor-element elementor-element-32c3c0d\" data-id=\"32c3c0d\" data-element_type=\"column\">\n\t\t\t<div class=\"elementor-widget-wrap elementor-element-populated\">\n\t\t\t\t\t\t<div class=\"elementor-element elementor-element-75d7ddb elementor-invisible elementor-widget elementor-widget-heading\" data-id=\"75d7ddb\" data-element_type=\"widget\" data-settings=\"{&quot;_animation&quot;:&quot;fadeInUp&quot;}\" data-widget_type=\"heading.default\">\n\t\t\t\t<div class=\"elementor-widget-container\">\n\t\t\t\t\t<h2 class=\"elementor-heading-title elementor-size-default\">Politique de confidentialit\u00e9<\/h2>\t\t\t\t<\/div>\n\t\t\t\t<\/div>\n\t\t\t\t<div class=\"elementor-element elementor-element-9a1b08b elementor-widget elementor-widget-text-editor\" data-id=\"9a1b08b\" data-element_type=\"widget\" data-widget_type=\"text-editor.default\">\n\t\t\t\t<div class=\"elementor-widget-container\">\n\t\t\t\t\t\t\t\t\t<p><b>Politique de confidentialit\u00e9<\/b><\/p><p>Introduction<\/p><p>Dans le cadre de son activit\u00e9 de conseil et de fabrication de solutions de traitement d&rsquo;eau sur-mesure, la soci\u00e9t\u00e9 OSEIDO dont le si\u00e8ge social est situ\u00e9 au 18 avenue de Maz\u00e8re, 31210 MONTREJEAU, est amen\u00e9e \u00e0 collecter et \u00e0 traiter des informations dont certaines sont qualifi\u00e9es de \u00ab donn\u00e9es personnelles \u00bb. <br \/>OSEIDO attache une grande importance au respect de la vie priv\u00e9e, et utilise ces donn\u00e9es de mani\u00e8re responsable et confidentielle et cela afin de se conformer \u00e0 la l\u00e9gislation en vigueur (loi n\u00b0 2018-493 du 20 juin 2018 relative \u00e0 la protection des donn\u00e9es personnelles en r\u00e9f\u00e9rence \u00e0 la loi n\u00b0 78-17 du 6 janvier 1978 dite loi Informatique et libert\u00e9s).<\/p><p><b>Donn\u00e9es personnelles<\/b><\/p><p>Sur le site web https:www.oseido.tech, il y a 2 types de donn\u00e9es susceptibles d\u2019\u00eatre recueillies :<\/p><p>\u2013 Les donn\u00e9es transmises directement <br \/>Ces donn\u00e9es sont celles que vous nous transmettez directement, via un formulaire de contact ou bien par contact direct par email. <br \/>Sont obligatoires dans le formulaire de contact les champs \u00ab nom \u00bb et \u00ab email \u00bb.<\/p><p>\u2013 Les donn\u00e9es collect\u00e9es automatiquement<br \/>Lors de vos visites, une fois votre consentement donn\u00e9, nous pouvons recueillir des informations de type \u00ab web analytics \u00bb relatives \u00e0 votre navigation, la dur\u00e9e de votre consultation, votre adresse IP, votre type et version de navigateur. La technologie utilis\u00e9e est le cookie.<\/p><p><b>Utilisation des donn\u00e9es<\/b><\/p><p>\u2013 Les donn\u00e9es que vous nous transmettez directement sont utilis\u00e9es dans le but de vous re-contacter pour faire suite \u00e0 votre demande. <br \/>Ces informations sont envoy\u00e9es par le protocole https, permettant de prot\u00e9ger les informations lors de leur envoi.<\/p><p>\u2013 Les donn\u00e9es \u00ab web analytics \u00bb sont collect\u00e9es de forme anonyme (en enregistrant des adresses IP anonymes) par Google Analytics, et nous permettent de mesurer l\u2019audience de notre site web, les consultations et les \u00e9ventuelles erreurs afin d\u2019am\u00e9liorer constamment l\u2019exp\u00e9rience des utilisateurs. Ces donn\u00e9es sont utilis\u00e9es par OSEIDO, responsable du traitement des donn\u00e9es, et ne seront jamais c\u00e9d\u00e9es \u00e0 un tiers ni utilis\u00e9es \u00e0 d\u2019autres fins que celles d\u00e9taill\u00e9es ci-dessus.<\/p><p><b>Base l\u00e9gale<\/b><\/p><p>Les donn\u00e9es personnelles ne sont collect\u00e9es qu\u2019apr\u00e8s consentement obligatoire de l\u2019utilisateur. Ce consentement est valablement recueilli (boutons et cases \u00e0 cocher), libre, clair et sans \u00e9quivoque.<\/p><p><b>Dur\u00e9e de conservation<\/b><\/p><p>Les donn\u00e9es du formulaire de contact seront sauvegard\u00e9es durant une dur\u00e9e maximale de 3 ans. Les donn\u00e9es sous forme de cookies analytics sont conserv\u00e9es 24 mois maximum et 1 an pour l\u2019acceptation des cookies.<\/p><p><b>Liens Hypertextes<\/b><\/p><p>Le site https:\/\/www.oseido.tech contient un certain nombre de liens hypertextes vers d\u2019autres sites, mis en place avec l\u2019autorisation d&rsquo;OSEIDO. Cependant, OSEIDO n\u2019a pas la possibilit\u00e9 de v\u00e9rifier le contenu des sites ainsi visit\u00e9s, et n\u2019assumera en cons\u00e9quence aucune responsabilit\u00e9 de ce fait.<\/p><p><b>Cookies<\/b><\/p><p>Un cookie est un fichier ne permettant pas l\u2019identification de l\u2019utilisateur, mais qui enregistre des informations relatives \u00e0 la navigation d\u2019un ordinateur sur un site.<\/p><p>Voici la liste des cookies utilis\u00e9es et leurs objectif :<\/p><p>\u2013 Cookies Google Analytics. Web analytics<br \/>\u2013 Acception des cookies Permet de garder en m\u00e9moire le fait que vous acceptez les cookies afin de ne plus vous importuner lors de votre prochaine visite.<\/p><p>Vous pouvez \u00e0 tout moment d\u00e9sactiver ces cookies \u00e0 partir des possibilit\u00e9s de d\u00e9sactivation qui vous sont offertes au lancement du site ou dans les param\u00e8tres de cookies de chaque navigateur.<\/p><p>Sauf si vous d\u00e9cidez de d\u00e9sactiver les cookies, vous acceptez que le site puisse les utiliser, sachant que cela peut r\u00e9duire ou emp\u00eacher l\u2019accessibilit\u00e9 \u00e0 tout ou partie des Services propos\u00e9s par le site.<\/p><p><b>Vos droits concernant les donn\u00e9es personnelles<\/b><\/p><p>Vous avez le droit de consultation, demande de modification ou d\u2019effacement sur l\u2019ensemble de vos donn\u00e9es personnelles. Vous pouvez \u00e9galement, sur simple demande, retirer votre consentement au traitement de vos donn\u00e9es.<\/p><p>Contact d\u00e9l\u00e9gu\u00e9 \u00e0 la protection des donn\u00e9es : Ghilaine Charrade \u2013 contact@oseido.tech<\/p>\t\t\t\t\t\t\t\t<\/div>\n\t\t\t\t<\/div>\n\t\t\t\t\t<\/div>\n\t\t<\/div>\n\t\t\t\t\t<\/div>\n\t\t<\/section>\n\t\t\t\t<\/div>\n\t\t","protected":false},"excerpt":{"rendered":"<p>Politique de confidentialit\u00e9 Politique de confidentialit\u00e9 Introduction Dans le cadre de son activit\u00e9 de conseil et de fabrication de solutions de traitement d&rsquo;eau sur-mesure, la soci\u00e9t\u00e9 OSEIDO dont le si\u00e8ge social est situ\u00e9 au 18 avenue de Maz\u00e8re, 31210 MONTREJEAU, est amen\u00e9e \u00e0 collecter et \u00e0 traiter des informations dont certaines sont qualifi\u00e9es de \u00ab [&hellip;]<\/p>\n","protected":false},"author":1,"featured_media":855,"parent":0,"menu_order":0,"comment_status":"closed","ping_status":"closed","template":"elementor_header_footer","meta":{"footnotes":""},"class_list":["post-3345","page","type-page","status-publish","has-post-thumbnail","hentry"],"yoast_head":"<!-- This site is optimized with the Yoast SEO plugin v27.2 - https:\/\/yoast.com\/product\/yoast-seo-wordpress\/ -->\n<title>Politique de confidentialit\u00e9 - OSEIDO<\/title>\n<meta name=\"robots\" content=\"index, follow, max-snippet:-1, max-image-preview:large, max-video-preview:-1\" \/>\n<link rel=\"canonical\" href=\"https:\/\/www.oseido.tech\/index.php\/politique-de-confidentialite\/\" \/>\n<meta property=\"og:locale\" content=\"fr_FR\" \/>\n<meta property=\"og:type\" content=\"article\" \/>\n<meta property=\"og:title\" content=\"Politique de confidentialit\u00e9 - OSEIDO\" \/>\n<meta property=\"og:description\" content=\"Politique de confidentialit\u00e9 Politique de confidentialit\u00e9 Introduction Dans le cadre de son activit\u00e9 de conseil et de fabrication de solutions de traitement d&rsquo;eau sur-mesure, la soci\u00e9t\u00e9 OSEIDO dont le si\u00e8ge social est situ\u00e9 au 18 avenue de Maz\u00e8re, 31210 MONTREJEAU, est amen\u00e9e \u00e0 collecter et \u00e0 traiter des informations dont certaines sont qualifi\u00e9es de \u00ab [&hellip;]\" \/>\n<meta property=\"og:url\" content=\"https:\/\/www.oseido.tech\/index.php\/politique-de-confidentialite\/\" \/>\n<meta property=\"og:site_name\" content=\"OSEIDO\" \/>\n<meta property=\"article:modified_time\" content=\"2023-03-03T10:59:33+00:00\" \/>\n<meta property=\"og:image\" content=\"https:\/\/www.oseido.tech\/wp-content\/uploads\/2023\/02\/oseido-visuel-paysage-eau-scaled.jpg\" \/>\n\t<meta property=\"og:image:width\" content=\"2560\" \/>\n\t<meta property=\"og:image:height\" content=\"1887\" \/>\n\t<meta property=\"og:image:type\" content=\"image\/jpeg\" \/>\n<meta name=\"twitter:card\" content=\"summary_large_image\" \/>\n<meta name=\"twitter:label1\" content=\"Dur\u00e9e de lecture estim\u00e9e\" \/>\n\t<meta name=\"twitter:data1\" content=\"4 minutes\" \/>\n<script type=\"application\/ld+json\" class=\"yoast-schema-graph\">{\"@context\":\"https:\/\/schema.org\",\"@graph\":[{\"@type\":\"WebPage\",\"@id\":\"https:\/\/www.oseido.tech\/index.php\/politique-de-confidentialite\/\",\"url\":\"https:\/\/www.oseido.tech\/index.php\/politique-de-confidentialite\/\",\"name\":\"Politique de confidentialit\u00e9 - OSEIDO\",\"isPartOf\":{\"@id\":\"https:\/\/www.oseido.tech\/#website\"},\"primaryImageOfPage\":{\"@id\":\"https:\/\/www.oseido.tech\/index.php\/politique-de-confidentialite\/#primaryimage\"},\"image\":{\"@id\":\"https:\/\/www.oseido.tech\/index.php\/politique-de-confidentialite\/#primaryimage\"},\"thumbnailUrl\":\"https:\/\/www.oseido.tech\/wp-content\/uploads\/2023\/02\/oseido-visuel-paysage-eau-scaled.jpg\",\"datePublished\":\"2023-03-01T21:25:49+00:00\",\"dateModified\":\"2023-03-03T10:59:33+00:00\",\"breadcrumb\":{\"@id\":\"https:\/\/www.oseido.tech\/index.php\/politique-de-confidentialite\/#breadcrumb\"},\"inLanguage\":\"fr-FR\",\"potentialAction\":[{\"@type\":\"ReadAction\",\"target\":[\"https:\/\/www.oseido.tech\/index.php\/politique-de-confidentialite\/\"]}]},{\"@type\":\"ImageObject\",\"inLanguage\":\"fr-FR\",\"@id\":\"https:\/\/www.oseido.tech\/index.php\/politique-de-confidentialite\/#primaryimage\",\"url\":\"https:\/\/www.oseido.tech\/wp-content\/uploads\/2023\/02\/oseido-visuel-paysage-eau-scaled.jpg\",\"contentUrl\":\"https:\/\/www.oseido.tech\/wp-content\/uploads\/2023\/02\/oseido-visuel-paysage-eau-scaled.jpg\",\"width\":2560,\"height\":1887},{\"@type\":\"BreadcrumbList\",\"@id\":\"https:\/\/www.oseido.tech\/index.php\/politique-de-confidentialite\/#breadcrumb\",\"itemListElement\":[{\"@type\":\"ListItem\",\"position\":1,\"name\":\"Accueil\",\"item\":\"https:\/\/www.oseido.tech\/\"},{\"@type\":\"ListItem\",\"position\":2,\"name\":\"Politique de confidentialit\u00e9\"}]},{\"@type\":\"WebSite\",\"@id\":\"https:\/\/www.oseido.tech\/#website\",\"url\":\"https:\/\/www.oseido.tech\/\",\"name\":\"OSEIDO\",\"description\":\"Solutions biomim\u00e9tiques de traitement d&#039;eau\",\"publisher\":{\"@id\":\"https:\/\/www.oseido.tech\/#organization\"},\"potentialAction\":[{\"@type\":\"SearchAction\",\"target\":{\"@type\":\"EntryPoint\",\"urlTemplate\":\"https:\/\/www.oseido.tech\/?s={search_term_string}\"},\"query-input\":{\"@type\":\"PropertyValueSpecification\",\"valueRequired\":true,\"valueName\":\"search_term_string\"}}],\"inLanguage\":\"fr-FR\"},{\"@type\":\"Organization\",\"@id\":\"https:\/\/www.oseido.tech\/#organization\",\"name\":\"OSEIDO\",\"url\":\"https:\/\/www.oseido.tech\/\",\"logo\":{\"@type\":\"ImageObject\",\"inLanguage\":\"fr-FR\",\"@id\":\"https:\/\/www.oseido.tech\/#\/schema\/logo\/image\/\",\"url\":\"https:\/\/www.oseido.tech\/wp-content\/uploads\/2023\/02\/Logo-OSEIDO.svg\",\"contentUrl\":\"https:\/\/www.oseido.tech\/wp-content\/uploads\/2023\/02\/Logo-OSEIDO.svg\",\"width\":1991,\"height\":715,\"caption\":\"OSEIDO\"},\"image\":{\"@id\":\"https:\/\/www.oseido.tech\/#\/schema\/logo\/image\/\"}}]}<\/script>\n<!-- \/ Yoast SEO plugin. -->","yoast_head_json":{"title":"Politique de confidentialit\u00e9 - OSEIDO","robots":{"index":"index","follow":"follow","max-snippet":"max-snippet:-1","max-image-preview":"max-image-preview:large","max-video-preview":"max-video-preview:-1"},"canonical":"https:\/\/www.oseido.tech\/index.php\/politique-de-confidentialite\/","og_locale":"fr_FR","og_type":"article","og_title":"Politique de confidentialit\u00e9 - OSEIDO","og_description":"Politique de confidentialit\u00e9 Politique de confidentialit\u00e9 Introduction Dans le cadre de son activit\u00e9 de conseil et de fabrication de solutions de traitement d&rsquo;eau sur-mesure, la soci\u00e9t\u00e9 OSEIDO dont le si\u00e8ge social est situ\u00e9 au 18 avenue de Maz\u00e8re, 31210 MONTREJEAU, est amen\u00e9e \u00e0 collecter et \u00e0 traiter des informations dont certaines sont qualifi\u00e9es de \u00ab [&hellip;]","og_url":"https:\/\/www.oseido.tech\/index.php\/politique-de-confidentialite\/","og_site_name":"OSEIDO","article_modified_time":"2023-03-03T10:59:33+00:00","og_image":[{"width":2560,"height":1887,"url":"https:\/\/www.oseido.tech\/wp-content\/uploads\/2023\/02\/oseido-visuel-paysage-eau-scaled.jpg","type":"image\/jpeg"}],"twitter_card":"summary_large_image","twitter_misc":{"Dur\u00e9e de lecture estim\u00e9e":"4 minutes"},"schema":{"@context":"https:\/\/schema.org","@graph":[{"@type":"WebPage","@id":"https:\/\/www.oseido.tech\/index.php\/politique-de-confidentialite\/","url":"https:\/\/www.oseido.tech\/index.php\/politique-de-confidentialite\/","name":"Politique de confidentialit\u00e9 - OSEIDO","isPartOf":{"@id":"https:\/\/www.oseido.tech\/#website"},"primaryImageOfPage":{"@id":"https:\/\/www.oseido.tech\/index.php\/politique-de-confidentialite\/#primaryimage"},"image":{"@id":"https:\/\/www.oseido.tech\/index.php\/politique-de-confidentialite\/#primaryimage"},"thumbnailUrl":"https:\/\/www.oseido.tech\/wp-content\/uploads\/2023\/02\/oseido-visuel-paysage-eau-scaled.jpg","datePublished":"2023-03-01T21:25:49+00:00","dateModified":"2023-03-03T10:59:33+00:00","breadcrumb":{"@id":"https:\/\/www.oseido.tech\/index.php\/politique-de-confidentialite\/#breadcrumb"},"inLanguage":"fr-FR","potentialAction":[{"@type":"ReadAction","target":["https:\/\/www.oseido.tech\/index.php\/politique-de-confidentialite\/"]}]},{"@type":"ImageObject","inLanguage":"fr-FR","@id":"https:\/\/www.oseido.tech\/index.php\/politique-de-confidentialite\/#primaryimage","url":"https:\/\/www.oseido.tech\/wp-content\/uploads\/2023\/02\/oseido-visuel-paysage-eau-scaled.jpg","contentUrl":"https:\/\/www.oseido.tech\/wp-content\/uploads\/2023\/02\/oseido-visuel-paysage-eau-scaled.jpg","width":2560,"height":1887},{"@type":"BreadcrumbList","@id":"https:\/\/www.oseido.tech\/index.php\/politique-de-confidentialite\/#breadcrumb","itemListElement":[{"@type":"ListItem","position":1,"name":"Accueil","item":"https:\/\/www.oseido.tech\/"},{"@type":"ListItem","position":2,"name":"Politique de confidentialit\u00e9"}]},{"@type":"WebSite","@id":"https:\/\/www.oseido.tech\/#website","url":"https:\/\/www.oseido.tech\/","name":"OSEIDO","description":"Solutions biomim\u00e9tiques de traitement d&#039;eau","publisher":{"@id":"https:\/\/www.oseido.tech\/#organization"},"potentialAction":[{"@type":"SearchAction","target":{"@type":"EntryPoint","urlTemplate":"https:\/\/www.oseido.tech\/?s={search_term_string}"},"query-input":{"@type":"PropertyValueSpecification","valueRequired":true,"valueName":"search_term_string"}}],"inLanguage":"fr-FR"},{"@type":"Organization","@id":"https:\/\/www.oseido.tech\/#organization","name":"OSEIDO","url":"https:\/\/www.oseido.tech\/","logo":{"@type":"ImageObject","inLanguage":"fr-FR","@id":"https:\/\/www.oseido.tech\/#\/schema\/logo\/image\/","url":"https:\/\/www.oseido.tech\/wp-content\/uploads\/2023\/02\/Logo-OSEIDO.svg","contentUrl":"https:\/\/www.oseido.tech\/wp-content\/uploads\/2023\/02\/Logo-OSEIDO.svg","width":1991,"height":715,"caption":"OSEIDO"},"image":{"@id":"https:\/\/www.oseido.tech\/#\/schema\/logo\/image\/"}}]}},"_links":{"self":[{"href":"https:\/\/www.oseido.tech\/index.php\/wp-json\/wp\/v2\/pages\/3345","targetHints":{"allow":["GET"]}}],"collection":[{"href":"https:\/\/www.oseido.tech\/index.php\/wp-json\/wp\/v2\/pages"}],"about":[{"href":"https:\/\/www.oseido.tech\/index.php\/wp-json\/wp\/v2\/types\/page"}],"author":[{"embeddable":true,"href":"https:\/\/www.oseido.tech\/index.php\/wp-json\/wp\/v2\/users\/1"}],"replies":[{"embeddable":true,"href":"https:\/\/www.oseido.tech\/index.php\/wp-json\/wp\/v2\/comments?post=3345"}],"version-history":[{"count":16,"href":"https:\/\/www.oseido.tech\/index.php\/wp-json\/wp\/v2\/pages\/3345\/revisions"}],"predecessor-version":[{"id":3533,"href":"https:\/\/www.oseido.tech\/index.php\/wp-json\/wp\/v2\/pages\/3345\/revisions\/3533"}],"wp:featuredmedia":[{"embeddable":true,"href":"https:\/\/www.oseido.tech\/index.php\/wp-json\/wp\/v2\/media\/855"}],"wp:attachment":[{"href":"https:\/\/www.oseido.tech\/index.php\/wp-json\/wp\/v2\/media?parent=3345"}],"curies":[{"name":"wp","href":"https:\/\/api.w.org\/{rel}","templated":true}]}}